{"id":870,"date":"2024-03-17T21:40:01","date_gmt":"2024-03-17T21:40:01","guid":{"rendered":"https:\/\/bemisa2.websiteseguro.com\/?page_id=870"},"modified":"2025-04-02T17:45:46","modified_gmt":"2025-04-02T17:45:46","slug":"fale-conosco","status":"publish","type":"page","link":"https:\/\/www.bemisa.com.br\/en\/fale-conosco\/","title":{"rendered":"Contact us"},"content":{"rendered":"<div data-elementor-type=\"wp-page\" data-elementor-id=\"870\" class=\"elementor elementor-870\">\n\t\t\t\t<div class=\"elementor-element elementor-element-3e19f38a e-flex e-con-boxed e-con e-parent\" data-id=\"3e19f38a\" data-element_type=\"container\">\n\t\t\t\t\t<div class=\"e-con-inner\">\n\t\t<div class=\"elementor-element elementor-element-43a2bfe5 e-flex e-con-boxed e-con e-child\" data-id=\"43a2bfe5\" data-element_type=\"container\">\n\t\t\t\t\t<div class=\"e-con-inner\">\n\t\t\t\t<div class=\"elementor-element elementor-element-ae860a elementor-widget elementor-widget-html\" data-id=\"ae860a\" data-element_type=\"widget\" data-widget_type=\"html.default\">\n\t\t\t\t<div class=\"elementor-widget-container\">\n\t\t\t<div style=\"float:right; margin-top: -12px;\"><div class=\"trp_language_switcher_shortcode\">\n<div class=\"trp-language-switcher trp-language-switcher-container\" data-no-translation>\n    <div class=\"trp-ls-shortcode-current-language\">\n        <a href=\"#\" class=\"trp-ls-shortcode-disabled-language trp-ls-disabled-language\" title=\"English\" onclick=\"event.preventDefault()\">\n\t\t\t<img decoding=\"async\" class=\"trp-flag-image\" src=\"https:\/\/www.bemisa.com.br\/wp-content\/plugins\/translatepress-multilingual\/assets\/images\/flags\/en_US.png\" width=\"18\" height=\"12\" alt=\"en_US\" title=\"English\"> \t\t<\/a>\n    <\/div>\n    <div class=\"trp-ls-shortcode-language\">\n                <a href=\"#\" class=\"trp-ls-shortcode-disabled-language trp-ls-disabled-language\"  title=\"English\" onclick=\"event.preventDefault()\">\n\t\t\t<img decoding=\"async\" class=\"trp-flag-image\" src=\"https:\/\/www.bemisa.com.br\/wp-content\/plugins\/translatepress-multilingual\/assets\/images\/flags\/en_US.png\" width=\"18\" height=\"12\" alt=\"en_US\" title=\"English\"> \t\t<\/a>\n                    <a href=\"https:\/\/www.bemisa.com.br\/en\/wp-json\/wp\/v2\/pages\/870\" title=\"Portuguese\">\n            <img decoding=\"async\" class=\"trp-flag-image\" src=\"https:\/\/www.bemisa.com.br\/wp-content\/plugins\/translatepress-multilingual\/assets\/images\/flags\/pt_BR.png\" width=\"18\" height=\"12\" alt=\"pt_BR\" title=\"Portuguese\">         <\/a>\n\n        <\/div>\n    <script type=\"application\/javascript\">\n        \/\/ need to have the same with set from JS on both divs. Otherwise it can push stuff around in HTML\n        var trp_ls_shortcodes = document.querySelectorAll('.trp_language_switcher_shortcode .trp-language-switcher');\n        if ( trp_ls_shortcodes.length > 0) {\n            \/\/ get the last language switcher added\n            var trp_el = trp_ls_shortcodes[trp_ls_shortcodes.length - 1];\n\n            var trp_shortcode_language_item = trp_el.querySelector( '.trp-ls-shortcode-language' )\n            \/\/ set width\n            var trp_ls_shortcode_width                                               = trp_shortcode_language_item.offsetWidth + 16;\n            trp_shortcode_language_item.style.width                                  = trp_ls_shortcode_width + 'px';\n            trp_el.querySelector( '.trp-ls-shortcode-current-language' ).style.width = trp_ls_shortcode_width + 'px';\n\n            \/\/ We're putting this on display: none after we have its width.\n            trp_shortcode_language_item.style.display = 'none';\n        }\n    <\/script>\n<\/div>\n<\/div><\/div>\n<div style=\"float:right; font-size:10px;\">Idiomas:<\/div>\n\t\t<\/div>\n\t\t\t\t<\/div>\n\t\t\t\t\t<\/div>\n\t\t\t\t<\/div>\n\t\t\t\t\t<\/div>\n\t\t\t\t<\/div>\n\t\t<div class=\"elementor-element elementor-element-2946f7af e-flex e-con-boxed e-con e-parent\" data-id=\"2946f7af\" data-element_type=\"container\">\n\t\t\t\t\t<div class=\"e-con-inner\">\n\t\t<div class=\"elementor-element elementor-element-ce19ce2 e-con-full e-flex e-con e-child\" data-id=\"ce19ce2\" data-element_type=\"container\">\n\t\t\t\t<div class=\"elementor-element elementor-element-2cbbbc78 elementor-widget elementor-widget-image\" data-id=\"2cbbbc78\" data-element_type=\"widget\" data-widget_type=\"image.default\">\n\t\t\t\t<div class=\"elementor-widget-container\">\n\t\t\t\t\t\t\t\t\t\t\t\t\t\t<a href=\"\/en\/\">\n\t\t\t\t\t\t\t<img decoding=\"async\" width=\"234\" height=\"32\" src=\"https:\/\/www.bemisa.com.br\/wp-content\/uploads\/2024\/03\/logo-1.png\" class=\"attachment-full size-full wp-image-2152\" alt=\"\" \/>\t\t\t\t\t\t\t\t<\/a>\n\t\t\t\t\t\t\t\t\t\t\t\t\t<\/div>\n\t\t\t\t<\/div>\n\t\t\t\t<\/div>\n\t\t<div class=\"elementor-element elementor-element-4be6a168 e-con-full e-flex e-con e-child\" data-id=\"4be6a168\" data-element_type=\"container\">\n\t\t\t\t<div class=\"elementor-element elementor-element-48cba7ed elementor-widget__width-initial elementor-widget-mobile__width-initial elementor-nav-menu__align-right elementor-nav-menu--dropdown-tablet elementor-nav-menu__text-align-aside elementor-nav-menu--toggle elementor-nav-menu--burger elementor-widget elementor-widget-nav-menu\" data-id=\"48cba7ed\" data-element_type=\"widget\" data-settings=\"{&quot;layout&quot;:&quot;horizontal&quot;,&quot;submenu_icon&quot;:{&quot;value&quot;:&quot;&lt;svg class=\\&quot;e-font-icon-svg e-fas-caret-down\\&quot; viewBox=\\&quot;0 0 320 512\\&quot; xmlns=\\&quot;http:\\\/\\\/www.w3.org\\\/2000\\\/svg\\&quot;&gt;&lt;path d=\\&quot;M31.3 192h257.3c17.8 0 26.7 21.5 14.1 34.1L174.1 354.8c-7.8 7.8-20.5 7.8-28.3 0L17.2 226.1C4.6 213.5 13.5 192 31.3 192z\\&quot;&gt;&lt;\\\/path&gt;&lt;\\\/svg&gt;&quot;,&quot;library&quot;:&quot;fa-solid&quot;},&quot;toggle&quot;:&quot;burger&quot;}\" data-widget_type=\"nav-menu.default\">\n\t\t\t\t<div class=\"elementor-widget-container\">\n\t\t\t\t\t\t<nav migration_allowed=\"1\" migrated=\"0\" role=\"navigation\" class=\"elementor-nav-menu--main elementor-nav-menu__container elementor-nav-menu--layout-horizontal e--pointer-underline e--animation-fade\">\n\t\t\t\t<ul id=\"menu-1-48cba7ed\" class=\"elementor-nav-menu\"><li class=\"menu-item menu-item-type-custom menu-item-object-custom menu-item-799\"><a href=\"https:\/\/www.bemisa.com.br\/en\/\" class=\"elementor-item\">Home<\/a><\/li>\n<li class=\"menu-item menu-item-type-custom menu-item-object-custom menu-item-798\"><a href=\"https:\/\/www.bemisa.com.br\/en\/quem-somos\/\" class=\"elementor-item\">Who we are<\/a><\/li>\n<li class=\"menu-item menu-item-type-custom menu-item-object-custom menu-item-800\"><a href=\"https:\/\/www.bemisa.com.br\/en\/projetos\/\" class=\"elementor-item\">Projects<\/a><\/li>\n<li class=\"menu-item menu-item-type-custom menu-item-object-custom menu-item-801\"><a href=\"https:\/\/www.bemisa.com.br\/en\/responsabilidade-socioambiental\/\" class=\"elementor-item\">Socioenvironmental responsibility<\/a><\/li>\n<li class=\"menu-item menu-item-type-custom menu-item-object-custom menu-item-802\"><a target=\"_blank\" href=\"https:\/\/vemserbemisa.gupy.io\/\" class=\"elementor-item\">WORK WITH US<\/a><\/li>\n<li class=\"menu-item menu-item-type-custom menu-item-object-custom menu-item-803\"><a href=\"https:\/\/www.bemisa.com.br\/en\/compliance\/\" class=\"elementor-item\">Compliance<\/a><\/li>\n<\/ul>\t\t\t<\/nav>\n\t\t\t\t\t<div class=\"elementor-menu-toggle\" role=\"button\" tabindex=\"0\" aria-label=\"Menu Toggle\" aria-expanded=\"false\">\n\t\t\t<svg aria-hidden=\"true\" role=\"presentation\" class=\"elementor-menu-toggle__icon--open e-font-icon-svg e-eicon-menu-bar\" viewbox=\"0 0 1000 1000\" xmlns=\"http:\/\/www.w3.org\/2000\/svg\"><path d=\"M104 333H896C929 333 958 304 958 271S929 208 896 208H104C71 208 42 237 42 271S71 333 104 333ZM104 583H896C929 583 958 554 958 521S929 458 896 458H104C71 458 42 487 42 521S71 583 104 583ZM104 833H896C929 833 958 804 958 771S929 708 896 708H104C71 708 42 737 42 771S71 833 104 833Z\"><\/path><\/svg><svg aria-hidden=\"true\" role=\"presentation\" class=\"elementor-menu-toggle__icon--close e-font-icon-svg e-eicon-close\" viewbox=\"0 0 1000 1000\" xmlns=\"http:\/\/www.w3.org\/2000\/svg\"><path d=\"M742 167L500 408 258 167C246 154 233 150 217 150 196 150 179 158 167 167 154 179 150 196 150 212 150 229 154 242 171 254L408 500 167 742C138 771 138 800 167 829 196 858 225 858 254 829L496 587 738 829C750 842 767 846 783 846 800 846 817 842 829 829 842 817 846 804 846 783 846 767 842 750 829 737L588 500 833 258C863 229 863 200 833 171 804 137 775 137 742 167Z\"><\/path><\/svg>\t\t\t<span class=\"elementor-screen-only\">Menu<\/span>\n\t\t<\/div>\n\t\t\t<nav class=\"elementor-nav-menu--dropdown elementor-nav-menu__container\" role=\"navigation\" aria-hidden=\"true\">\n\t\t\t\t<ul id=\"menu-2-48cba7ed\" class=\"elementor-nav-menu\"><li class=\"menu-item menu-item-type-custom menu-item-object-custom menu-item-799\"><a href=\"https:\/\/www.bemisa.com.br\/en\/\" class=\"elementor-item\" tabindex=\"-1\">Home<\/a><\/li>\n<li class=\"menu-item menu-item-type-custom menu-item-object-custom menu-item-798\"><a href=\"https:\/\/www.bemisa.com.br\/en\/quem-somos\/\" class=\"elementor-item\" tabindex=\"-1\">Who we are<\/a><\/li>\n<li class=\"menu-item menu-item-type-custom menu-item-object-custom menu-item-800\"><a href=\"https:\/\/www.bemisa.com.br\/en\/projetos\/\" class=\"elementor-item\" tabindex=\"-1\">Projects<\/a><\/li>\n<li class=\"menu-item menu-item-type-custom menu-item-object-custom menu-item-801\"><a href=\"https:\/\/www.bemisa.com.br\/en\/responsabilidade-socioambiental\/\" class=\"elementor-item\" tabindex=\"-1\">Socioenvironmental responsibility<\/a><\/li>\n<li class=\"menu-item menu-item-type-custom menu-item-object-custom menu-item-802\"><a target=\"_blank\" href=\"https:\/\/vemserbemisa.gupy.io\/\" class=\"elementor-item\" tabindex=\"-1\">WORK WITH US<\/a><\/li>\n<li class=\"menu-item menu-item-type-custom menu-item-object-custom menu-item-803\"><a href=\"https:\/\/www.bemisa.com.br\/en\/compliance\/\" class=\"elementor-item\" tabindex=\"-1\">Compliance<\/a><\/li>\n<\/ul>\t\t\t<\/nav>\n\t\t\t\t<\/div>\n\t\t\t\t<\/div>\n\t\t\t\t<\/div>\n\t\t<div class=\"elementor-element elementor-element-5a86e5d elementor-hidden-mobile e-flex e-con-boxed e-con e-child\" data-id=\"5a86e5d\" data-element_type=\"container\">\n\t\t\t\t\t<div class=\"e-con-inner\">\n\t\t\t\t<div class=\"elementor-element elementor-element-ac532cf elementor-widget__width-initial elementor-align-right elementor-widget elementor-widget-button\" data-id=\"ac532cf\" data-element_type=\"widget\" data-widget_type=\"button.default\">\n\t\t\t\t<div class=\"elementor-widget-container\">\n\t\t\t\t\t<div class=\"elementor-button-wrapper\">\n\t\t\t<a class=\"elementor-button elementor-button-link elementor-size-sm\" href=\"https:\/\/www.bemisa.com.br\/en\/fale-conosco\/\">\n\t\t\t\t\t\t<span class=\"elementor-button-content-wrapper\">\n\t\t\t\t\t\t\t\t\t<span class=\"elementor-button-text\">Contact Us<\/span>\n\t\t\t\t\t<\/span>\n\t\t\t\t\t<\/a>\n\t\t<\/div>\n\t\t\t\t<\/div>\n\t\t\t\t<\/div>\n\t\t\t\t\t<\/div>\n\t\t\t\t<\/div>\n\t\t\t\t\t<\/div>\n\t\t\t\t<\/div>\n\t\t<div class=\"elementor-element elementor-element-46d126b e-flex e-con-boxed e-con e-parent\" data-id=\"46d126b\" data-element_type=\"container\" data-settings=\"{&quot;background_background&quot;:&quot;classic&quot;}\">\n\t\t\t\t\t<div class=\"e-con-inner\">\n\t\t<div class=\"elementor-element elementor-element-929bc6c e-con-full e-flex e-con e-child\" data-id=\"929bc6c\" data-element_type=\"container\">\n\t\t\t\t<\/div>\n\t\t<div class=\"elementor-element elementor-element-e994d52 e-con-full e-flex e-con e-child\" data-id=\"e994d52\" data-element_type=\"container\">\n\t\t\t\t<div class=\"elementor-element elementor-element-39a8c1d elementor-widget elementor-widget-heading\" data-id=\"39a8c1d\" data-element_type=\"widget\" data-widget_type=\"heading.default\">\n\t\t\t\t<div class=\"elementor-widget-container\">\n\t\t\t<h2 class=\"elementor-heading-title elementor-size-default\">Contact Us<\/h2>\t\t<\/div>\n\t\t\t\t<\/div>\n\t\t\t\t<\/div>\n\t\t<div class=\"elementor-element elementor-element-e1300f7 e-con-full elementor-hidden-mobile e-flex e-con e-child\" data-id=\"e1300f7\" data-element_type=\"container\">\n\t\t\t\t<\/div>\n\t\t<div class=\"elementor-element elementor-element-aed9c86 e-con-full e-flex e-con e-child\" data-id=\"aed9c86\" data-element_type=\"container\">\n\t\t\t\t<div class=\"elementor-element elementor-element-d502844 elementor-widget elementor-widget-text-editor\" data-id=\"d502844\" data-element_type=\"widget\" data-widget_type=\"text-editor.default\">\n\t\t\t\t<div class=\"elementor-widget-container\">\n\t\t\t\t\t\t\t<p><strong><span style=\"color: #ffffff;\">RIO DE JANEIRO<\/span><\/strong><br \/>Avenida Presidente Wilson, N\u00ba231, 23\u00ba andar<br \/>Rio de Janeiro-RJ | CEP: 20030-905<br \/>Tel.:<strong>+55 21 3550-1260<\/strong><\/p>\t\t\t\t\t\t<\/div>\n\t\t\t\t<\/div>\n\t\t\t\t<div class=\"elementor-element elementor-element-377b88d elementor-widget elementor-widget-text-editor\" data-id=\"377b88d\" data-element_type=\"widget\" data-widget_type=\"text-editor.default\">\n\t\t\t\t<div class=\"elementor-widget-container\">\n\t\t\t\t\t\t\t<p><strong>BELO HORIZONTE<\/strong><br \/>Rua Rio de Janeiro, 2702, 5\u00ba andar<br \/>Belo Horizonte-MG | CEP: 30160-042<\/p>\t\t\t\t\t\t<\/div>\n\t\t\t\t<\/div>\n\t\t\t\t<\/div>\n\t\t<div class=\"elementor-element elementor-element-ecdda02 e-con-full e-flex e-con e-child\" data-id=\"ecdda02\" data-element_type=\"container\" id=\"fale_conosco\">\n\t\t\t\t<div class=\"elementor-element elementor-element-1535418 elementor-widget__width-initial elementor-button-align-end elementor-widget elementor-widget-form\" data-id=\"1535418\" data-element_type=\"widget\" id=\"form_02\" data-settings=\"{&quot;step_next_label&quot;:&quot;Next&quot;,&quot;step_previous_label&quot;:&quot;Previous&quot;,&quot;button_width&quot;:&quot;100&quot;,&quot;step_type&quot;:&quot;number_text&quot;,&quot;step_icon_shape&quot;:&quot;circle&quot;}\" data-widget_type=\"form.default\">\n\t\t\t\t<div class=\"elementor-widget-container\">\n\t\t\t\t\t<form class=\"elementor-form\" method=\"post\" name=\"New Form\">\n\t\t\t<input type=\"hidden\" name=\"post_id\" value=\"870\"\/>\n\t\t\t<input type=\"hidden\" name=\"form_id\" value=\"1535418\"\/>\n\t\t\t<input type=\"hidden\" name=\"referer_title\" value=\"\" \/>\n\n\t\t\t\n\t\t\t<div class=\"elementor-form-fields-wrapper elementor-labels-above\">\n\t\t\t\t\t\t\t\t<div class=\"elementor-field-type-text elementor-field-group elementor-column elementor-field-group-name elementor-col-100 elementor-field-required\">\n\t\t\t\t\t\t\t\t\t\t\t\t<label for=\"form-field-name\" class=\"elementor-field-label\">\n\t\t\t\t\t\t\t\tName*\t\t\t\t\t\t\t<\/label>\n\t\t\t\t\t\t\t\t\t\t\t\t\t\t<input size=\"1\" type=\"text\" name=\"form_fields[name]\" id=\"form-field-name\" class=\"elementor-field elementor-size-sm  elementor-field-textual\" required=\"required\" aria-required=\"true\">\n\t\t\t\t\t\t\t\t\t\t\t<\/div>\n\t\t\t\t\t\t\t\t<div class=\"elementor-field-type-email elementor-field-group elementor-column elementor-field-group-email elementor-col-100 elementor-field-required\">\n\t\t\t\t\t\t\t\t\t\t\t\t<label for=\"form-field-email\" class=\"elementor-field-label\">\n\t\t\t\t\t\t\t\tEmail*\t\t\t\t\t\t\t<\/label>\n\t\t\t\t\t\t\t\t\t\t\t\t\t\t<input size=\"1\" type=\"email\" name=\"form_fields[email]\" id=\"form-field-email\" class=\"elementor-field elementor-size-sm  elementor-field-textual\" required=\"required\" aria-required=\"true\">\n\t\t\t\t\t\t\t\t\t\t\t<\/div>\n\t\t\t\t\t\t\t\t<div class=\"elementor-field-type-select elementor-field-group elementor-column elementor-field-group-field_20de6a3 elementor-col-100 elementor-field-required\">\n\t\t\t\t\t\t\t\t\t\t\t\t<label for=\"form-field-field_20de6a3\" class=\"elementor-field-label\">\n\t\t\t\t\t\t\t\tSubject*\t\t\t\t\t\t\t<\/label>\n\t\t\t\t\t\t\t\t<div class=\"elementor-field elementor-select-wrapper remove-before\">\n\t\t\t<div class=\"select-caret-down-wrapper\">\n\t\t\t\t<svg aria-hidden=\"true\" class=\"e-font-icon-svg e-eicon-caret-down\" viewbox=\"0 0 571.4 571.4\" xmlns=\"http:\/\/www.w3.org\/2000\/svg\"><path d=\"M571 393Q571 407 561 418L311 668Q300 679 286 679T261 668L11 418Q0 407 0 393T11 368 36 357H536Q550 357 561 368T571 393Z\"><\/path><\/svg>\t\t\t<\/div>\n\t\t\t<select name=\"form_fields[field_20de6a3]\" id=\"form-field-field_20de6a3\" class=\"elementor-field-textual elementor-size-sm\" required=\"required\" aria-required=\"true\">\n\t\t\t\t\t\t\t\t\t<option value=\"\"><\/option>\n\t\t\t\t\t\t\t\t\t<option value=\"SUGEST\u00d5ES\">SUGEST\u00d5ES<\/option>\n\t\t\t\t\t\t\t\t\t<option value=\"D\u00daVIDAS\">D\u00daVIDAS<\/option>\n\t\t\t\t\t\t\t\t\t<option value=\"FORNECEDORES\">FORNECEDORES<\/option>\n\t\t\t\t\t\t\t\t\t<option value=\"PROJETOS SOCIAIS\">PROJETOS SOCIAIS<\/option>\n\t\t\t\t\t\t\t\t\t<option value=\"IMPRENSA\">PRESS<\/option>\n\t\t\t\t\t\t\t<\/select>\n\t\t<\/div>\n\t\t\t\t\t\t<\/div>\n\t\t\t\t\t\t\t\t<div class=\"elementor-field-type-textarea elementor-field-group elementor-column elementor-field-group-mensagem elementor-col-100 elementor-field-required\">\n\t\t\t\t\t\t\t\t\t\t\t\t<label for=\"form-field-mensagem\" class=\"elementor-field-label\">\n\t\t\t\t\t\t\t\tMessage*\t\t\t\t\t\t\t<\/label>\n\t\t\t\t\t\t<textarea class=\"elementor-field-textual elementor-field  elementor-size-sm\" name=\"form_fields[mensagem]\" id=\"form-field-mensagem\" rows=\"6\" required=\"required\" aria-required=\"true\"><\/textarea>\t\t\t\t<\/div>\n\t\t\t\t\t\t\t\t<div class=\"elementor-field-type-recaptcha_v3 elementor-field-group elementor-column elementor-field-group-field_593c519 elementor-col-100 recaptcha_v3-inline\">\n\t\t\t\t\t<div class=\"elementor-field\" id=\"form-field-field_593c519\"><div class=\"elementor-g-recaptcha\" data-sitekey=\"6LdpaKEqAAAAAEMYC1o0eZy8UR4Fn-yBZq_TS49M\" data-type=\"v3\" data-action=\"Form\" data-badge=\"inline\" data-size=\"invisible\"><\/div><\/div>\t\t\t\t<\/div>\n\t\t\t\t\t\t\t\t<div class=\"elementor-field-group elementor-column elementor-field-type-submit elementor-col-100 e-form__buttons\">\n\t\t\t\t\t<button type=\"submit\" class=\"elementor-button elementor-size-md elementor-animation-float\" id=\"enviar\">\n\t\t\t\t\t\t<span >\n\t\t\t\t\t\t\t\t\t\t\t\t\t\t\t<span class=\"elementor-button-icon\">\n\t\t\t\t\t\t\t\t\t\t\t\t\t\t\t\t\t\t\t\t\t\t\t\t\t\t<\/span>\n\t\t\t\t\t\t\t\t\t\t\t\t\t\t\t\t\t\t\t\t\t\t<span class=\"elementor-button-text\">SEND<\/span>\n\t\t\t\t\t\t\t\t\t\t\t\t\t<\/span>\n\t\t\t\t\t<\/button>\n\t\t\t\t<\/div>\n\t\t\t<\/div>\n\t\t<input type=\"hidden\" name=\"trp-form-language\" value=\"en\"\/><\/form>\n\t\t\t\t<\/div>\n\t\t\t\t<\/div>\n\t\t\t\t<\/div>\n\t\t\t\t\t<\/div>\n\t\t\t\t<\/div>\n\t\t<div class=\"elementor-element elementor-element-18c6e671 e-flex e-con-boxed e-con e-parent\" data-id=\"18c6e671\" data-element_type=\"container\" id=\"rodape\" data-settings=\"{&quot;background_background&quot;:&quot;classic&quot;}\">\n\t\t\t\t\t<div class=\"e-con-inner\">\n\t\t<div class=\"elementor-element elementor-element-5cf6ef6e e-con-full e-flex e-con e-child\" data-id=\"5cf6ef6e\" data-element_type=\"container\">\n\t\t<div class=\"elementor-element elementor-element-613da40 e-flex e-con-boxed e-con e-child\" data-id=\"613da40\" data-element_type=\"container\">\n\t\t\t\t\t<div class=\"e-con-inner\">\n\t\t\t\t<div class=\"elementor-element elementor-element-3e9cdf51 elementor-widget elementor-widget-image\" data-id=\"3e9cdf51\" data-element_type=\"widget\" data-widget_type=\"image.default\">\n\t\t\t\t<div class=\"elementor-widget-container\">\n\t\t\t\t\t\t\t\t\t\t\t\t\t<img decoding=\"async\" src=\"https:\/\/www.bemisa.com.br\/wp-content\/uploads\/elementor\/thumbs\/logo_rodape-min-qlghf983jnb81jub0nt0jbgcufkk6xtiejzjhp3xji.png\" title=\"logo_rodape-min\" alt=\"logo_rodape-min\" loading=\"lazy\" \/>\t\t\t\t\t\t\t\t\t\t\t\t\t<\/div>\n\t\t\t\t<\/div>\n\t\t\t\t\t<\/div>\n\t\t\t\t<\/div>\n\t\t\t\t<div class=\"elementor-element elementor-element-24673a3a elementor-widget elementor-widget-text-editor\" data-id=\"24673a3a\" data-element_type=\"widget\" data-widget_type=\"text-editor.default\">\n\t\t\t\t<div class=\"elementor-widget-container\">\n\t\t\t\t\t\t\t<p>Developing mineral<br \/>opportunities in Brazil<\/p>\t\t\t\t\t\t<\/div>\n\t\t\t\t<\/div>\n\t\t<div class=\"elementor-element elementor-element-6f44c6f3 e-flex e-con-boxed e-con e-child\" data-id=\"6f44c6f3\" data-element_type=\"container\">\n\t\t\t\t\t<div class=\"e-con-inner\">\n\t\t\t\t<div class=\"elementor-element elementor-element-6a018319 elementor-widget elementor-widget-image\" data-id=\"6a018319\" data-element_type=\"widget\" data-widget_type=\"image.default\">\n\t\t\t\t<div class=\"elementor-widget-container\">\n\t\t\t\t\t\t\t\t\t\t\t\t\t\t<a href=\"https:\/\/www.linkedin.com\/company\/bemisa---brasil-explora-o-mineral-s-a-\" target=\"_blank\">\n\t\t\t\t\t\t\t<img decoding=\"async\" src=\"https:\/\/www.bemisa.com.br\/wp-content\/uploads\/elementor\/thumbs\/icon_linkedin-min-qlghf98164paasqvv4jj1tl2kmc2shwnzur8g8ejiu.png\" title=\"icon_linkedin-min\" alt=\"icon_linkedin-min\" loading=\"lazy\" \/>\t\t\t\t\t\t\t\t<\/a>\n\t\t\t\t\t\t\t\t\t\t\t\t\t<\/div>\n\t\t\t\t<\/div>\n\t\t\t\t<div class=\"elementor-element elementor-element-6e56bae3 elementor-widget elementor-widget-heading\" data-id=\"6e56bae3\" data-element_type=\"widget\" data-widget_type=\"heading.default\">\n\t\t\t\t<div class=\"elementor-widget-container\">\n\t\t\t<p class=\"elementor-heading-title elementor-size-default\">\/bemisaexploracaomineral<\/p>\t\t<\/div>\n\t\t\t\t<\/div>\n\t\t\t\t\t<\/div>\n\t\t\t\t<\/div>\n\t\t<div class=\"elementor-element elementor-element-673c688a e-flex e-con-boxed e-con e-child\" data-id=\"673c688a\" data-element_type=\"container\" id=\"rodape_menu2\">\n\t\t\t\t\t<div class=\"e-con-inner\">\n\t\t\t\t<div class=\"elementor-element elementor-element-673e491d elementor-widget__width-initial elementor-widget elementor-widget-text-editor\" data-id=\"673e491d\" data-element_type=\"widget\" data-widget_type=\"text-editor.default\">\n\t\t\t\t<div class=\"elementor-widget-container\">\n\t\t\t\t\t\t\t<p><a href=\"https:\/\/www.bemisa.com.br\/wp-content\/uploads\/2024\/06\/politica-de-privacidade-e-protecao-de-dados.pdf\" target=\"_blank\" rel=\"noopener\">PRIVACY POLICE<\/a>\u00a0<span class=\"rodape_verde\">|<\/span> <a href=\"https:\/\/www.bemisa.com.br\/wp-content\/uploads\/2024\/06\/demonstracoes-financeiras-1.zip\" target=\"_blank\" rel=\"noopener\">CORPORATE GOVERNANCE<\/a><span class=\"rodape_verde\">|<\/span>\u00a0<a href=\"https:\/\/www.bemisa.com.br\/wp-content\/uploads\/2024\/06\/relatorio-de-transparencia-salarial.zip\" target=\"_blank\" rel=\"noopener\">PAY TRANSPARENCY REPORT<\/a> <span class=\"rodape_verde\">|<\/span> <a href=\"mailto:ri@bemisa.com.br\">INSTITUTIONAL RELATIONS<\/a><\/p><div>Bemisa | Todos os direitos reservados \u00a9 2024<\/div>\t\t\t\t\t\t<\/div>\n\t\t\t\t<\/div>\n\t\t\t\t\t<\/div>\n\t\t\t\t<\/div>\n\t\t\t\t<\/div>\n\t\t<div class=\"elementor-element elementor-element-3ffb5f61 e-flex e-con-boxed e-con e-child\" data-id=\"3ffb5f61\" data-element_type=\"container\">\n\t\t\t\t\t<div class=\"e-con-inner\">\n\t\t\t\t<div class=\"elementor-element elementor-element-1b222610 elementor-widget elementor-widget-text-editor\" data-id=\"1b222610\" data-element_type=\"widget\" data-widget_type=\"text-editor.default\">\n\t\t\t\t<div class=\"elementor-widget-container\">\n\t\t\t\t\t\t\t<p><a href=\"\/en\/\">Home<\/a><br \/><a href=\"\/en\/quem-somos\/\">Who we are<\/a><br \/><a href=\"\/en\/projetos\/\">Projects<\/a><br \/><a href=\"\/en\/responsabilidade-socioambiental\/\">Socioenvironmental responsibility<\/a><br \/><a href=\"https:\/\/vemserbemisa.gupy.io\/\" target=\"_blank\" rel=\"noopener\">Work with us<\/a><br \/><a href=\"\/en\/compliance\/\">Compliance<\/a><br \/><a href=\"\/en\/fale-conosco\/\">Contact us<\/a><\/p>\t\t\t\t\t\t<\/div>\n\t\t\t\t<\/div>\n\t\t<div class=\"elementor-element elementor-element-71e18337 e-flex e-con-boxed e-con e-child\" data-id=\"71e18337\" data-element_type=\"container\">\n\t\t\t\t\t<div class=\"e-con-inner\">\n\t\t\t\t<div class=\"elementor-element elementor-element-1260f179 elementor-widget elementor-widget-image\" data-id=\"1260f179\" data-element_type=\"widget\" data-widget_type=\"image.default\">\n\t\t\t\t<div class=\"elementor-widget-container\">\n\t\t\t\t\t\t\t\t\t\t\t\t\t\t<a href=\"http:\/\/www.325web.com.br\/\" target=\"_blank\">\n\t\t\t\t\t\t\t<img decoding=\"async\" src=\"https:\/\/www.bemisa.com.br\/wp-content\/uploads\/elementor\/thumbs\/logo_325web-qli5time63u0lqivupoza94tzcc7fld0obf9howyl4.png\" title=\"325 WEB &#8211; Cria\u00e7\u00e3o de Sites e Sistemas para WEB\" alt=\"325 WEB - Cria\u00e7\u00e3o de Sites e Sistemas para WEB\" loading=\"lazy\" \/>\t\t\t\t\t\t\t\t<\/a>\n\t\t\t\t\t\t\t\t\t\t\t\t\t<\/div>\n\t\t\t\t<\/div>\n\t\t\t\t\t<\/div>\n\t\t\t\t<\/div>\n\t\t\t\t\t<\/div>\n\t\t\t\t<\/div>\n\t\t\t\t\t<\/div>\n\t\t\t\t<\/div>\n\t\t\t\t<\/div>","protected":false},"excerpt":{"rendered":"<p>Idiomas: Fale Conosco Fale Conosco RIO DE JANEIROAvenida Presidente Wilson, N\u00ba231, 23\u00ba andarRio de Janeiro-RJ | CEP: 20030-905Tel.:+55 21 3550-1260 BELO HORIZONTERua Rio de Janeiro, N\u00ba2702, 5\u00ba andarBelo Horizonte-MG | CEP: 30160-042 Desenvolvendo oportunidadesminerais no Brasil \/bemisaexploracaomineral POL\u00cdTICA DE PRIVACIDADE\u00a0| GOVERNAN\u00c7A CORPORATIVA|\u00a0RELAT\u00d3RIO DE TRANSPAR\u00caNCIA SALARIAL | RELA\u00c7\u00d5ES INSTITUCIONAIS Bemisa | Todos os direitos reservados \u00a9 [&hellip;]<\/p>","protected":false},"author":1,"featured_media":0,"parent":0,"menu_order":0,"comment_status":"closed","ping_status":"closed","template":"elementor_canvas","meta":{"footnotes":""},"class_list":["post-870","page","type-page","status-publish","hentry"],"_links":{"self":[{"href":"https:\/\/www.bemisa.com.br\/en\/wp-json\/wp\/v2\/pages\/870","targetHints":{"allow":["GET"]}}],"collection":[{"href":"https:\/\/www.bemisa.com.br\/en\/wp-json\/wp\/v2\/pages"}],"about":[{"href":"https:\/\/www.bemisa.com.br\/en\/wp-json\/wp\/v2\/types\/page"}],"author":[{"embeddable":true,"href":"https:\/\/www.bemisa.com.br\/en\/wp-json\/wp\/v2\/users\/1"}],"replies":[{"embeddable":true,"href":"https:\/\/www.bemisa.com.br\/en\/wp-json\/wp\/v2\/comments?post=870"}],"version-history":[{"count":187,"href":"https:\/\/www.bemisa.com.br\/en\/wp-json\/wp\/v2\/pages\/870\/revisions"}],"predecessor-version":[{"id":3783,"href":"https:\/\/www.bemisa.com.br\/en\/wp-json\/wp\/v2\/pages\/870\/revisions\/3783"}],"wp:attachment":[{"href":"https:\/\/www.bemisa.com.br\/en\/wp-json\/wp\/v2\/media?parent=870"}],"curies":[{"name":"wp","href":"https:\/\/api.w.org\/{rel}","templated":true}]}}